{"id":2640,"date":"2023-09-29T13:40:59","date_gmt":"2023-09-29T17:40:59","guid":{"rendered":"https:\/\/annualreport.crkn-rcdr.ca\/conseil-dadministration\/"},"modified":"2024-08-23T11:39:28","modified_gmt":"2024-08-23T15:39:28","slug":"conseil-dadministration","status":"publish","type":"page","link":"https:\/\/annualreport.crkn-rcdr.ca\/fr\/conseil-dadministration\/","title":{"rendered":"Conseil"},"content":{"rendered":"[et_pb_section fb_built=\u00a0\u00bb1&Prime; _builder_version=\u00a0\u00bb4.27.0&Prime; _module_preset=\u00a0\u00bbdefault\u00a0\u00bb global_colors_info=\u00a0\u00bb{}\u00a0\u00bb][et_pb_row _builder_version=\u00a0\u00bb4.27.0&Prime; _module_preset=\u00a0\u00bbdefault\u00a0\u00bb global_colors_info=\u00a0\u00bb{}\u00a0\u00bb][et_pb_column type=\u00a0\u00bb4_4&Prime; _builder_version=\u00a0\u00bb4.27.0&Prime; _module_preset=\u00a0\u00bbdefault\u00a0\u00bb global_colors_info=\u00a0\u00bb{}\u00a0\u00bb][et_pb_image src=\u00a0\u00bbhttps:\/\/annualreport.crkn-rcdr.ca\/wp-content\/uploads\/2023\/08\/2023-graphic-top-blue.png\u00a0\u00bb title_text=\u00a0\u00bb2023-graphic-top-blue\u00a0\u00bb _builder_version=\u00a0\u00bb4.27.0&Prime; _module_preset=\u00a0\u00bbdefault\u00a0\u00bb width=\u00a0\u00bb100%\u00a0\u00bb max_width=\u00a0\u00bb90px\u00a0\u00bb module_alignment=\u00a0\u00bbcenter\u00a0\u00bb custom_margin=\u00a0\u00bb||0px||false|false\u00a0\u00bb global_colors_info=\u00a0\u00bb{}\u00a0\u00bb][\/et_pb_image][et_pb_heading title=\u00a0\u00bbGouvernance\u00a0\u00bb _builder_version=\u00a0\u00bb4.27.0&Prime; _module_preset=\u00a0\u00bbdefault\u00a0\u00bb title_level=\u00a0\u00bbh2&Prime; title_text_align=\u00a0\u00bbcenter\u00a0\u00bb global_colors_info=\u00a0\u00bb{}\u00a0\u00bb][\/et_pb_heading][\/et_pb_column][\/et_pb_row][et_pb_row _builder_version=\u00a0\u00bb4.27.0&Prime; _module_preset=\u00a0\u00bbdefault\u00a0\u00bb global_colors_info=\u00a0\u00bb{}\u00a0\u00bb][et_pb_column type=\u00a0\u00bb4_4&Prime; _builder_version=\u00a0\u00bb4.27.0&Prime; _module_preset=\u00a0\u00bbdefault\u00a0\u00bb global_colors_info=\u00a0\u00bb{}\u00a0\u00bb][et_pb_image src=\u00a0\u00bbhttps:\/\/annualreport.crkn-rcdr.ca\/wp-content\/uploads\/2023\/09\/Governance-Chart-FR-2023-08.png\u00a0\u00bb alt=\u00a0\u00bbUn organigramme de gouvernance du RCDR montrant son conseil d&rsquo;administration, son directrice g\u00e9n\u00e9rale et ses membres, ainsi que l&rsquo;\u00e9ventail des comit\u00e9s permanents, des sous-comit\u00e9s et des groupes de travail qui leur font rapport.\u00a0\u00bb title_text=\u00a0\u00bbGovernance-Chart-FR-2023-08&Prime; show_in_lightbox=\u00a0\u00bbon\u00a0\u00bb _builder_version=\u00a0\u00bb4.27.0&Prime; _module_preset=\u00a0\u00bbdefault\u00a0\u00bb global_colors_info=\u00a0\u00bb{}\u00a0\u00bb][\/et_pb_image][\/et_pb_column][\/et_pb_row][\/et_pb_section][et_pb_section fb_built=\u00a0\u00bb1&Prime; _builder_version=\u00a0\u00bb4.27.0&Prime; _module_preset=\u00a0\u00bbdefault\u00a0\u00bb global_colors_info=\u00a0\u00bb{}\u00a0\u00bb][et_pb_row _builder_version=\u00a0\u00bb4.27.0&Prime; _module_preset=\u00a0\u00bbdefault\u00a0\u00bb global_colors_info=\u00a0\u00bb{}\u00a0\u00bb][et_pb_column type=\u00a0\u00bb4_4&Prime; _builder_version=\u00a0\u00bb4.27.0&Prime; _module_preset=\u00a0\u00bbdefault\u00a0\u00bb global_colors_info=\u00a0\u00bb{}\u00a0\u00bb][et_pb_image src=\u00a0\u00bbhttps:\/\/annualreport.crkn-rcdr.ca\/wp-content\/uploads\/2023\/08\/2023-graphic-top-blue.png\u00a0\u00bb title_text=\u00a0\u00bb2023-graphic-top-blue\u00a0\u00bb _builder_version=\u00a0\u00bb4.27.0&Prime; _module_preset=\u00a0\u00bbdefault\u00a0\u00bb width=\u00a0\u00bb100%\u00a0\u00bb max_width=\u00a0\u00bb90px\u00a0\u00bb module_alignment=\u00a0\u00bbcenter\u00a0\u00bb custom_margin=\u00a0\u00bb||0px||false|false\u00a0\u00bb global_colors_info=\u00a0\u00bb{}\u00a0\u00bb][\/et_pb_image][et_pb_heading title=\u00a0\u00bbConseil d\u2019administration\u00a0\u00bb _builder_version=\u00a0\u00bb4.27.0&Prime; _module_preset=\u00a0\u00bbdefault\u00a0\u00bb title_level=\u00a0\u00bbh2&Prime; title_text_align=\u00a0\u00bbcenter\u00a0\u00bb global_colors_info=\u00a0\u00bb{}\u00a0\u00bb][\/et_pb_heading][\/et_pb_column][\/et_pb_row][\/et_pb_section][et_pb_section fb_built=\u00a0\u00bb1&Prime; _builder_version=\u00a0\u00bb4.27.0&Prime; _module_preset=\u00a0\u00bbdefault\u00a0\u00bb background_image=\u00a0\u00bbhttps:\/\/annualreport.crkn-rcdr.ca\/wp-content\/uploads\/2023\/08\/board-bckgrnd.jpg\u00a0\u00bb global_colors_info=\u00a0\u00bb{}\u00a0\u00bb][et_pb_row _builder_version=\u00a0\u00bb4.27.0&Prime; _module_preset=\u00a0\u00bbdefault\u00a0\u00bb global_colors_info=\u00a0\u00bb{}\u00a0\u00bb][et_pb_column type=\u00a0\u00bb4_4&Prime; _builder_version=\u00a0\u00bb4.27.0&Prime; _module_preset=\u00a0\u00bbdefault\u00a0\u00bb global_colors_info=\u00a0\u00bb{}\u00a0\u00bb][et_pb_heading title=\u00a0\u00bbMembres\u00a0\u00bb _builder_version=\u00a0\u00bb4.27.0&Prime; _module_preset=\u00a0\u00bbdefault\u00a0\u00bb title_level=\u00a0\u00bbh3&Prime; title_text_color=\u00a0\u00bb#FFFFFF\u00a0\u00bb title_font_size=\u00a0\u00bb32px\u00a0\u00bb global_colors_info=\u00a0\u00bb{}\u00a0\u00bb][\/et_pb_heading][\/et_pb_column][\/et_pb_row][et_pb_row column_structure=\u00a0\u00bb1_3,1_3,1_3&Prime; _builder_version=\u00a0\u00bb4.27.0&Prime; _module_preset=\u00a0\u00bbdefault\u00a0\u00bb custom_padding=\u00a0\u00bb||0px||false|false\u00a0\u00bb global_colors_info=\u00a0\u00bb{}\u00a0\u00bb][et_pb_column type=\u00a0\u00bb1_3&Prime; _builder_version=\u00a0\u00bb4.27.0&Prime; _module_preset=\u00a0\u00bbdefault\u00a0\u00bb global_colors_info=\u00a0\u00bb{}\u00a0\u00bb][et_pb_text _builder_version=\u00a0\u00bb4.27.0&Prime; _module_preset=\u00a0\u00bbdefault\u00a0\u00bb text_text_color=\u00a0\u00bb#FFFFFF\u00a0\u00bb custom_margin=\u00a0\u00bb||45px||false|false\u00a0\u00bb global_colors_info=\u00a0\u00bb{}\u00a0\u00bb]\n<p><strong>Daniel Jutras<\/strong>, Pr\u00e9sident<br \/>Recteur<br \/>Universit\u00e9 de Montr\u00e9al<\/p>\n[\/et_pb_text][et_pb_text _builder_version=\u00a0\u00bb4.27.0&Prime; _module_preset=\u00a0\u00bbdefault\u00a0\u00bb text_text_color=\u00a0\u00bb#FFFFFF\u00a0\u00bb custom_margin=\u00a0\u00bb||45px||false|false\u00a0\u00bb global_colors_info=\u00a0\u00bb{}\u00a0\u00bb]\n<p><strong>Melissa Just<\/strong>, Vice-pr\u00e9sidente*<br \/>Dean, University Library<br \/>University of Saskatchewan<\/p>\n[\/et_pb_text][et_pb_text _builder_version=\u00a0\u00bb4.27.0&Prime; _module_preset=\u00a0\u00bbdefault\u00a0\u00bb text_text_color=\u00a0\u00bb#FFFFFF\u00a0\u00bb custom_margin=\u00a0\u00bb||45px||false|false\u00a0\u00bb global_colors_info=\u00a0\u00bb{}\u00a0\u00bb]\n<p><strong>Dale Askey<\/strong>*<br \/>Vice Provost (Library &amp; Museums) and Chief Librarian<br \/>University of Alberta<\/p>\n[\/et_pb_text][et_pb_text _builder_version=\u00a0\u00bb4.27.0&Prime; _module_preset=\u00a0\u00bbdefault\u00a0\u00bb text_text_color=\u00a0\u00bb#FFFFFF\u00a0\u00bb custom_margin=\u00a0\u00bb||45px||false|false\u00a0\u00bb global_colors_info=\u00a0\u00bb{}\u00a0\u00bb]\n<p><strong>Bernard Bizimana<\/strong><br \/>Directeur de la biblioth\u00e8que<br \/>HEC Montr\u00e9al<\/p>\n[\/et_pb_text][\/et_pb_column][et_pb_column type=\u00a0\u00bb1_3&Prime; _builder_version=\u00a0\u00bb4.27.0&Prime; _module_preset=\u00a0\u00bbdefault\u00a0\u00bb global_colors_info=\u00a0\u00bb{}\u00a0\u00bb][et_pb_text _builder_version=\u00a0\u00bb4.27.0&Prime; _module_preset=\u00a0\u00bbdefault\u00a0\u00bb text_text_color=\u00a0\u00bb#FFFFFF\u00a0\u00bb custom_margin=\u00a0\u00bb||45px||false|false\u00a0\u00bb global_colors_info=\u00a0\u00bb{}\u00a0\u00bb]\n<p><strong>Susan Brown<\/strong><br \/>Professor and Canada Research Chair in Collaborative Digital Scholarship<br \/>University of Guelph<\/p>\n[\/et_pb_text][et_pb_text _builder_version=\u00a0\u00bb4.27.0&Prime; _module_preset=\u00a0\u00bbdefault\u00a0\u00bb text_text_color=\u00a0\u00bb#FFFFFF\u00a0\u00bb custom_margin=\u00a0\u00bb||45px||false|false\u00a0\u00bb global_colors_info=\u00a0\u00bb{}\u00a0\u00bb]\n<p><strong>Camille Callison<\/strong><br \/>University Librarian<br \/>University of the Fraser Valley<\/p>\n[\/et_pb_text][et_pb_text _builder_version=\u00a0\u00bb4.27.0&Prime; _module_preset=\u00a0\u00bbdefault\u00a0\u00bb text_text_color=\u00a0\u00bb#FFFFFF\u00a0\u00bb custom_margin=\u00a0\u00bb||45px||false|false\u00a0\u00bb global_colors_info=\u00a0\u00bb{}\u00a0\u00bb]\n<p><strong>Maureen Clapperton<\/strong><br \/>Directrice g\u00e9n\u00e9rale de la Biblioth\u00e8que nationale<br \/>Biblioth\u00e8que et Archives nationales du Qu\u00e9bec<\/p>\n[\/et_pb_text][et_pb_text _builder_version=\u00a0\u00bb4.27.0&Prime; _module_preset=\u00a0\u00bbdefault\u00a0\u00bb text_text_color=\u00a0\u00bb#FFFFFF\u00a0\u00bb custom_margin=\u00a0\u00bb||45px||false|false\u00a0\u00bb global_colors_info=\u00a0\u00bb{}\u00a0\u00bb]\n<p><strong>Denis Cossette<\/strong>*<br \/>Chief Financial Officer<br \/>Concordia University<\/p>\n[\/et_pb_text][\/et_pb_column][et_pb_column type=\u00a0\u00bb1_3&Prime; _builder_version=\u00a0\u00bb4.27.0&Prime; _module_preset=\u00a0\u00bbdefault\u00a0\u00bb global_colors_info=\u00a0\u00bb{}\u00a0\u00bb][et_pb_text _builder_version=\u00a0\u00bb4.27.0&Prime; _module_preset=\u00a0\u00bbdefault\u00a0\u00bb text_text_color=\u00a0\u00bb#FFFFFF\u00a0\u00bb custom_margin=\u00a0\u00bb||45px||false|false\u00a0\u00bb global_colors_info=\u00a0\u00bb{}\u00a0\u00bb]\n<p><strong>Ken Hernden<\/strong><br \/>University Archivist and Associate University Librarian<br \/>Queen&rsquo;s University<\/p>\n[\/et_pb_text][et_pb_text _builder_version=\u00a0\u00bb4.27.0&Prime; _module_preset=\u00a0\u00bbdefault\u00a0\u00bb text_text_color=\u00a0\u00bb#FFFFFF\u00a0\u00bb custom_margin=\u00a0\u00bb||45px||false|false\u00a0\u00bb global_colors_info=\u00a0\u00bb{}\u00a0\u00bb]\n<p><strong>Dianne Keeping<\/strong>*<br \/>Dean, Memorial University Libraries<br \/>Memorial University<\/p>\n[\/et_pb_text][et_pb_text _builder_version=\u00a0\u00bb4.27.0&Prime; _module_preset=\u00a0\u00bbdefault\u00a0\u00bb text_text_color=\u00a0\u00bb#FFFFFF\u00a0\u00bb custom_margin=\u00a0\u00bb||45px||false|false\u00a0\u00bb global_colors_info=\u00a0\u00bb{}\u00a0\u00bb]\n<p><strong>Denise LaFitte<\/strong><br \/>Associate University Librarian<br \/>University of Alberta<\/p>\n[\/et_pb_text][et_pb_text _builder_version=\u00a0\u00bb4.27.0&Prime; _module_preset=\u00a0\u00bbdefault\u00a0\u00bb text_text_color=\u00a0\u00bb#FFFFFF\u00a0\u00bb custom_margin=\u00a0\u00bb||45px||false|false\u00a0\u00bb global_colors_info=\u00a0\u00bb{}\u00a0\u00bb]\n<p><strong>Mark Robertson<\/strong>*<br \/>Chief Librarian<br \/>Toronto Metropolitan University<\/p>\n[\/et_pb_text][\/et_pb_column][\/et_pb_row][et_pb_row _builder_version=\u00a0\u00bb4.27.0&Prime; _module_preset=\u00a0\u00bbdefault\u00a0\u00bb locked=\u00a0\u00bboff\u00a0\u00bb global_colors_info=\u00a0\u00bb{}\u00a0\u00bb][et_pb_column type=\u00a0\u00bb4_4&Prime; _builder_version=\u00a0\u00bb4.27.0&Prime; _module_preset=\u00a0\u00bbdefault\u00a0\u00bb global_colors_info=\u00a0\u00bb{}\u00a0\u00bb][et_pb_text _builder_version=\u00a0\u00bb4.27.0&Prime; _module_preset=\u00a0\u00bbdefault\u00a0\u00bb text_font_size=\u00a0\u00bb16px\u00a0\u00bb global_colors_info=\u00a0\u00bb{}\u00a0\u00bb text_text_color=\u00a0\u00bb#FFFFFF\u00a0\u00bb]\n<p><em>*Membres du Comit\u00e9 ex\u00e9cutif<\/em><\/p>\n[\/et_pb_text][\/et_pb_column][\/et_pb_row][\/et_pb_section][et_pb_section fb_built=\u00a0\u00bb1&Prime; _builder_version=\u00a0\u00bb4.27.0&Prime; _module_preset=\u00a0\u00bbdefault\u00a0\u00bb custom_margin=\u00a0\u00bb0px|0px|0px|0px|true|true\u00a0\u00bb custom_padding=\u00a0\u00bb0px|0px|0px|0px|true|true\u00a0\u00bb global_colors_info=\u00a0\u00bb{}\u00a0\u00bb][et_pb_row _builder_version=\u00a0\u00bb4.27.0&Prime; _module_preset=\u00a0\u00bbdefault\u00a0\u00bb width=\u00a0\u00bb100%\u00a0\u00bb max_width=\u00a0\u00bb100%\u00a0\u00bb module_alignment=\u00a0\u00bbcenter\u00a0\u00bb custom_margin=\u00a0\u00bb0px|0px|0px|0px|true|true\u00a0\u00bb custom_padding=\u00a0\u00bb0px|0px|0px|0px|true|true\u00a0\u00bb global_colors_info=\u00a0\u00bb{}\u00a0\u00bb][et_pb_column type=\u00a0\u00bb4_4&Prime; _builder_version=\u00a0\u00bb4.27.0&Prime; _module_preset=\u00a0\u00bbdefault\u00a0\u00bb global_colors_info=\u00a0\u00bb{}\u00a0\u00bb][et_pb_image src=\u00a0\u00bbhttps:\/\/annualreport.crkn-rcdr.ca\/wp-content\/uploads\/2023\/08\/Board_20230329-CRKN-000045.jpg\u00a0\u00bb title_text=\u00a0\u00bbBoard_20230329-CRKN-000045&Prime; _builder_version=\u00a0\u00bb4.27.0&Prime; _module_preset=\u00a0\u00bbdefault\u00a0\u00bb global_colors_info=\u00a0\u00bb{}\u00a0\u00bb][\/et_pb_image][\/et_pb_column][\/et_pb_row][\/et_pb_section][et_pb_section fb_built=\u00a0\u00bb1&Prime; _builder_version=\u00a0\u00bb4.27.0&Prime; _module_preset=\u00a0\u00bbdefault\u00a0\u00bb custom_margin=\u00a0\u00bb0px||||false|false\u00a0\u00bb custom_padding=\u00a0\u00bb0px||||false|false\u00a0\u00bb global_colors_info=\u00a0\u00bb{}\u00a0\u00bb][et_pb_row _builder_version=\u00a0\u00bb4.27.0&Prime; _module_preset=\u00a0\u00bbdefault\u00a0\u00bb global_colors_info=\u00a0\u00bb{}\u00a0\u00bb][et_pb_column type=\u00a0\u00bb4_4&Prime; _builder_version=\u00a0\u00bb4.27.0&Prime; _module_preset=\u00a0\u00bbdefault\u00a0\u00bb global_colors_info=\u00a0\u00bb{}\u00a0\u00bb][et_pb_text _builder_version=\u00a0\u00bb4.27.0&Prime; _module_preset=\u00a0\u00bbdefault\u00a0\u00bb text_font_size=\u00a0\u00bb16px\u00a0\u00bb text_orientation=\u00a0\u00bbcenter\u00a0\u00bb global_colors_info=\u00a0\u00bb{}\u00a0\u00bb]\n<p class=\"p1\" style=\"text-align: center;\">Rang\u00e9e du haut, de gauche \u00e0 droite : Dianne Keeping, Denis Cossette, Ken Hernden, Mark Robertson, Susan Brown, Bernard Bizimana<br \/>Rang\u00e9e du bas, de gauche \u00e0 droite : Camille Callison, Melissa Just, Daniel Jutras, Clare Appavoo, Maureen Clapperton<br \/>Absente : Denise LaFitte<\/p>\n[\/et_pb_text][\/et_pb_column][\/et_pb_row][\/et_pb_section][et_pb_section fb_built=\u00a0\u00bb1&Prime; _builder_version=\u00a0\u00bb4.27.0&Prime; _module_preset=\u00a0\u00bbdefault\u00a0\u00bb custom_padding=\u00a0\u00bb20px||20px||true|false\u00a0\u00bb locked=\u00a0\u00bboff\u00a0\u00bb global_colors_info=\u00a0\u00bb{}\u00a0\u00bb][et_pb_row column_structure=\u00a0\u00bb1_2,1_2&Prime; _builder_version=\u00a0\u00bb4.27.0&Prime; _module_preset=\u00a0\u00bbdefault\u00a0\u00bb global_colors_info=\u00a0\u00bb{}\u00a0\u00bb][et_pb_column type=\u00a0\u00bb1_2&Prime; _builder_version=\u00a0\u00bb4.27.0&Prime; _module_preset=\u00a0\u00bbdefault\u00a0\u00bb global_colors_info=\u00a0\u00bb{}\u00a0\u00bb][et_pb_button button_url=\u00a0\u00bb@ET-DC@eyJkeW5hbWljIjp0cnVlLCJjb250ZW50IjoicG9zdF9saW5rX3VybF9wYWdlIiwic2V0dGluZ3MiOnsicG9zdF9pZCI6IjIzOTQifX0=@\u00a0\u00bb button_text=\u00a0\u00bbInitiatives strat\u00e9giques\u00a0\u00bb button_alignment=\u00a0\u00bbleft\u00a0\u00bb _builder_version=\u00a0\u00bb4.27.0&Prime; _dynamic_attributes=\u00a0\u00bbbutton_url\u00a0\u00bb _module_preset=\u00a0\u00bbdefault\u00a0\u00bb custom_button=\u00a0\u00bbon\u00a0\u00bb button_border_width=\u00a0\u00bb0px\u00a0\u00bb button_icon=\u00a0\u00bb&#x38;||divi||400&Prime; button_icon_placement=\u00a0\u00bbleft\u00a0\u00bb button_on_hover=\u00a0\u00bboff\u00a0\u00bb global_colors_info=\u00a0\u00bb{}\u00a0\u00bb][\/et_pb_button][\/et_pb_column][et_pb_column type=\u00a0\u00bb1_2&Prime; _builder_version=\u00a0\u00bb4.27.0&Prime; _module_preset=\u00a0\u00bbdefault\u00a0\u00bb global_colors_info=\u00a0\u00bb{}\u00a0\u00bb][et_pb_button button_url=\u00a0\u00bb@ET-DC@eyJkeW5hbWljIjp0cnVlLCJjb250ZW50IjoicG9zdF9saW5rX3VybF9wYWdlIiwic2V0dGluZ3MiOnsicG9zdF9pZCI6IjI0MDQifX0=@\u00a0\u00bb button_text=\u00a0\u00bbComit\u00e9s\u00a0\u00bb button_alignment=\u00a0\u00bbright\u00a0\u00bb _builder_version=\u00a0\u00bb4.27.0&Prime; _dynamic_attributes=\u00a0\u00bbbutton_url\u00a0\u00bb _module_preset=\u00a0\u00bbdefault\u00a0\u00bb custom_button=\u00a0\u00bbon\u00a0\u00bb button_border_width=\u00a0\u00bb0px\u00a0\u00bb button_icon=\u00a0\u00bb&#x39;||divi||400&Prime; button_on_hover=\u00a0\u00bboff\u00a0\u00bb global_colors_info=\u00a0\u00bb{}\u00a0\u00bb][\/et_pb_button][\/et_pb_column][\/et_pb_row][\/et_pb_section]\n","protected":false},"excerpt":{"rendered":"<p>Daniel Jutras, Pr\u00e9sidentRecteurUniversit\u00e9 de Montr\u00e9al Melissa Just, Vice-pr\u00e9sidente*Dean, University LibraryUniversity of Saskatchewan Dale Askey*Vice Provost (Library &amp; Museums) and Chief LibrarianUniversity of Alberta Bernard BizimanaDirecteur de la biblioth\u00e8queHEC Montr\u00e9al Susan BrownProfessor and Canada Research Chair in Collaborative Digital ScholarshipUniversity of Guelph Camille CallisonUniversity LibrarianUniversity of the Fraser Valley Maureen ClappertonDirectrice g\u00e9n\u00e9rale de la Biblioth\u00e8que nationaleBiblioth\u00e8que [&hellip;]<\/p>\n","protected":false},"author":107,"featured_media":0,"parent":0,"menu_order":5,"comment_status":"closed","ping_status":"closed","template":"","meta":{"_et_pb_use_builder":"on","_et_pb_old_content":"[vc_row content_placement=\"middle\"][vc_column][vcex_image align=\"center\" image_id=\"2467\" img_width=\"125px\"][vcex_heading text=\"Gouvernance\" tag=\"h1\" text_align=\"center\" text_transform=\"uppercase\"][\/vc_column][\/vc_row][vc_row][vc_column][vcex_image align=\"center\" onclick=\"lightbox_image\" image_id=\"2648\"][vc_column_text font_family=\"Effra\" font_size=\"14\" text_align=\"left\"]\r\n<p style=\"text-align: center;\">Cliquer pour agrandir<\/p>\r\n[\/vc_column_text][\/vc_column][\/vc_row][vc_row content_placement=\"middle\"][vc_column][vcex_image align=\"center\" image_id=\"2467\" img_width=\"125px\"][vcex_heading text=\"Conseil d\u2019administration\" tag=\"h1\" text_align=\"center\" text_transform=\"uppercase\"][\/vc_column][\/vc_row][vc_row full_width=\"stretch_row\" content_placement=\"middle\" remove_bottom_col_margin=\"true\" css=\".vc_custom_1692220634010{padding-bottom: 50px !important;background-image: url(https:\/\/annualreport.crkn-rcdr.ca\/wp-content\/uploads\/2022\/09\/Board-BG4@2x-100.jpg?id=1343) !important;background-position: center !important;background-repeat: no-repeat !important;background-size: cover !important;}\"][vc_column][vcex_heading text=\"Membres\" tag=\"div\" text_align=\"left\" color=\"#ffffff\" css=\".vc_custom_1596818263426{margin-top: 80px !important;margin-bottom: 40px !important;}\" font_weight=\"normal\" text_transform=\"uppercase\"][vc_row_inner remove_bottom_col_margin=\"true\" css=\".vc_custom_1596228750737{margin-bottom: 20px !important;}\"][vc_column_inner width=\"1\/3\"][vc_column_text text_align=\"left\" color=\"#ffffff\"]<strong>Daniel Jutras<\/strong>, Pr\u00e9sident\r\nRecteur\r\nUniversit\u00e9 de Montr\u00e9al\r\n\r\n<strong>Melissa Just<\/strong>, Vice-pr\u00e9sidente*\r\nDean, University Library\r\nUniversity of Saskatchewan\r\n\r\n<strong>Dale Askey<\/strong>*\r\nVice Provost (Library & Museums) and Chief Librarian\r\nUniversity of Alberta\r\n\r\n<strong>Bernard Bizimana<\/strong>\r\nDirecteur de la biblioth\u00e8que\r\nHEC Montr\u00e9al[\/vc_column_text][\/vc_column_inner][vc_column_inner width=\"1\/3\"][vc_column_text color=\"#ffffff\"]<strong>Susan Brown<\/strong>\r\nProfessor et Chaire de recherche du Canada sur la recherche num\u00e9rique collaborative\r\nUniversity of Guelph\r\n\r\n<strong>Camille Callison<\/strong>\r\nUniversity Librarian\r\nUniversity of the Fraser Valley\r\n\r\n<strong>Maureen Clapperton<\/strong>\r\nDirectrice g\u00e9n\u00e9rale de la Biblioth\u00e8que nationale\r\nBiblioth\u00e8que et Archives nationales du Qu\u00e9bec\r\n\r\n<strong>Denis Cossette<\/strong>*\r\nChef de la direction financi\u00e8re\r\nUniversit\u00e9 Concordia[\/vc_column_text][\/vc_column_inner][vc_column_inner width=\"1\/3\"][vc_column_text color=\"#ffffff\"]<strong>Ken Hernden<\/strong>\r\nUniversity Archivist and Associate University Librarian\r\nQueen's University\r\n\r\n<strong>Dianne Keeping<\/strong>*\r\nDean, Memorial University Libraries\r\nMemorial University\r\n\r\n<strong>Denise LaFitte<\/strong>\r\nAssociate University Librarian\r\nUniversity of Alberta\r\n\r\n<strong>Mark Robertson<\/strong>*\r\nChief Librarian\r\nToronto Metropolitan University[\/vc_column_text][\/vc_column_inner][\/vc_row_inner][vc_column_text color=\"#ffffff\" font_size=\"18\"]<em>*Membres du comit\u00e9 executif\u00a0<\/em>[\/vc_column_text][\/vc_column][\/vc_row][vc_row full_width=\"stretch_row_content_no_spaces\" remove_bottom_col_margin=\"true\" css=\".vc_custom_1633268878751{margin-bottom: 40px !important;}\"][vc_column][vc_single_image image=\"2477\" alignment=\"center\"][\/vc_column][\/vc_row][vc_row][vc_column][vc_column_text font_family=\"Effra\" font_size=\"14\" text_align=\"left\"]\r\n<p class=\"p1\" style=\"text-align: center;\">Rang\u00e9e du haut, de gauche \u00e0 droite : Dianne Keeping, Denis Cossette, Ken Hernden, Mark Robertson, Susan Brown, Bernard Bizimana\r\nRang\u00e9e du bas, de gauche \u00e0 droite : Camille Callison, Melissa Just, Daniel Jutras, Clare Appavoo, Maureen Clapperton\r\nAbsente : Denise LaFitte<\/p>\r\n[\/vc_column_text][\/vc_column][\/vc_row][vc_row css=\".vc_custom_1694008132320{margin-top: 20px !important;}\"][vc_column][vcex_multi_buttons buttons=\"%5B%7B%22text%22%3A%22%C2%AB%20Initiatives%20strat%C3%A9giques%22%2C%22link%22%3A%22url%3Ahttps%253A%252F%252Fannualreport.crkn-rcdr.ca%252Ffr%252Finitiatives-strategiques-2%252F%7Ctitle%3AInitiatives%2520strat%25C3%25A9giques%22%2C%22style%22%3A%22plain-text%22%2C%22custom_color%22%3A%22accent%22%2C%22custom_color_hover%22%3A%22accent-alt%22%2C%22local_scroll%22%3A%22false%22%2C%22download_attribute%22%3A%22false%22%2C%22css_animation%22%3A%22none%22%7D%2C%7B%22text%22%3A%22Comit%C3%A9s%20%C2%BB%22%2C%22link%22%3A%22url%3Ahttps%253A%252F%252Fannualreport.crkn-rcdr.ca%252Ffr%252Fcomites%252F%7Ctitle%3AComit%25C3%25A9s%22%2C%22style%22%3A%22plain-text%22%2C%22custom_color%22%3A%22accent%22%2C%22custom_color_hover%22%3A%22accent-alt%22%2C%22local_scroll%22%3A%22false%22%2C%22download_attribute%22%3A%22false%22%2C%22css_animation%22%3A%22none%22%7D%5D\" bottom_margin=\"20px\" spacing=\"40px\"][\/vc_column][\/vc_row]","_et_gb_content_width":"","footnotes":""},"class_list":["post-2640","page","type-page","status-publish","hentry"],"_links":{"self":[{"href":"https:\/\/annualreport.crkn-rcdr.ca\/fr\/wp-json\/wp\/v2\/pages\/2640","targetHints":{"allow":["GET"]}}],"collection":[{"href":"https:\/\/annualreport.crkn-rcdr.ca\/fr\/wp-json\/wp\/v2\/pages"}],"about":[{"href":"https:\/\/annualreport.crkn-rcdr.ca\/fr\/wp-json\/wp\/v2\/types\/page"}],"author":[{"embeddable":true,"href":"https:\/\/annualreport.crkn-rcdr.ca\/fr\/wp-json\/wp\/v2\/users\/107"}],"replies":[{"embeddable":true,"href":"https:\/\/annualreport.crkn-rcdr.ca\/fr\/wp-json\/wp\/v2\/comments?post=2640"}],"version-history":[{"count":18,"href":"https:\/\/annualreport.crkn-rcdr.ca\/fr\/wp-json\/wp\/v2\/pages\/2640\/revisions"}],"predecessor-version":[{"id":25980832,"href":"https:\/\/annualreport.crkn-rcdr.ca\/fr\/wp-json\/wp\/v2\/pages\/2640\/revisions\/25980832"}],"wp:attachment":[{"href":"https:\/\/annualreport.crkn-rcdr.ca\/fr\/wp-json\/wp\/v2\/media?parent=2640"}],"curies":[{"name":"wp","href":"https:\/\/api.w.org\/{rel}","templated":true}]}}