{"id":1581,"date":"2022-09-29T20:42:49","date_gmt":"2022-09-30T00:42:49","guid":{"rendered":"https:\/\/annualreport.crkn-rcdr.ca\/initiatives-strategiques-3\/mobilisation-collaborative\/"},"modified":"2024-08-22T13:58:26","modified_gmt":"2024-08-22T17:58:26","slug":"mobilisation-collaborative","status":"publish","type":"page","link":"https:\/\/annualreport.crkn-rcdr.ca\/fr\/accueil-2\/mobilisation-collaborative\/","title":{"rendered":"Mobilisation collaborative"},"content":{"rendered":"[et_pb_section fb_built=\u00a0\u00bb1&Prime; _builder_version=\u00a0\u00bb4.27.0&Prime; _module_preset=\u00a0\u00bbdefault\u00a0\u00bb global_colors_info=\u00a0\u00bb{}\u00a0\u00bb theme_builder_area=\u00a0\u00bbpost_content\u00a0\u00bb][et_pb_row _builder_version=\u00a0\u00bb4.27.0&Prime; _module_preset=\u00a0\u00bbdefault\u00a0\u00bb global_colors_info=\u00a0\u00bb{}\u00a0\u00bb theme_builder_area=\u00a0\u00bbpost_content\u00a0\u00bb][et_pb_column type=\u00a0\u00bb4_4&Prime; _builder_version=\u00a0\u00bb4.27.0&Prime; _module_preset=\u00a0\u00bbdefault\u00a0\u00bb global_colors_info=\u00a0\u00bb{}\u00a0\u00bb theme_builder_area=\u00a0\u00bbpost_content\u00a0\u00bb][et_pb_image src=\u00a0\u00bbhttps:\/\/annualreport.crkn-rcdr.ca\/wp-content\/uploads\/2022\/09\/2022-Graphic-3.jpg\u00a0\u00bb title_text=\u00a0\u00bb2022-Graphic-3&Prime; _builder_version=\u00a0\u00bb4.27.0&Prime; _module_preset=\u00a0\u00bbdefault\u00a0\u00bb width=\u00a0\u00bb100%\u00a0\u00bb max_width=\u00a0\u00bb15%\u00a0\u00bb module_alignment=\u00a0\u00bbcenter\u00a0\u00bb custom_margin=\u00a0\u00bb||20px||false|false\u00a0\u00bb global_colors_info=\u00a0\u00bb{}\u00a0\u00bb theme_builder_area=\u00a0\u00bbpost_content\u00a0\u00bb][\/et_pb_image][et_pb_heading title=\u00a0\u00bbMobilisation collaborative\u00a0\u00bb _builder_version=\u00a0\u00bb4.27.0&Prime; _module_preset=\u00a0\u00bbdefault\u00a0\u00bb title_level=\u00a0\u00bbh2&Prime; title_text_align=\u00a0\u00bbcenter\u00a0\u00bb hover_enabled=\u00a0\u00bb0&Prime; global_colors_info=\u00a0\u00bb{}\u00a0\u00bb theme_builder_area=\u00a0\u00bbpost_content\u00a0\u00bb sticky_enabled=\u00a0\u00bb0&Prime;][\/et_pb_heading][et_pb_text _builder_version=\u00a0\u00bb4.27.0&Prime; _module_preset=\u00a0\u00bbdefault\u00a0\u00bb hover_enabled=\u00a0\u00bb0&Prime; global_colors_info=\u00a0\u00bb{}\u00a0\u00bb theme_builder_area=\u00a0\u00bbpost_content\u00a0\u00bb sticky_enabled=\u00a0\u00bb0&Prime;]\n<p>En tant que porte-parole des biblioth\u00e8ques universitaires canadiennes, le RCDR s\u2019engage \u00e0 d\u00e9fendre les int\u00e9r\u00eats de notre communaut\u00e9. Au cours de la derni\u00e8re ann\u00e9e, nous avons mis en place des services, des \u00e9v\u00e8nements et des outils pour favoriser la croissance de nos membres et celle de notre organisation.<\/p>\n[\/et_pb_text][\/et_pb_column][\/et_pb_row][\/et_pb_section][et_pb_section fb_built=\u00a0\u00bb1&Prime; module_id=\u00a0\u00bbfonds-d-innovation-fci-2022&Prime; _builder_version=\u00a0\u00bb4.27.0&Prime; _module_preset=\u00a0\u00bbdefault\u00a0\u00bb custom_padding=\u00a0\u00bb40px||40px||true|false\u00a0\u00bb hover_enabled=\u00a0\u00bb0&Prime; global_colors_info=\u00a0\u00bb{}\u00a0\u00bb theme_builder_area=\u00a0\u00bbpost_content\u00a0\u00bb sticky_enabled=\u00a0\u00bb0&Prime;][et_pb_row _builder_version=\u00a0\u00bb4.27.0&Prime; _module_preset=\u00a0\u00bbdefault\u00a0\u00bb global_colors_info=\u00a0\u00bb{}\u00a0\u00bb theme_builder_area=\u00a0\u00bbpost_content\u00a0\u00bb][et_pb_column type=\u00a0\u00bb4_4&Prime; _builder_version=\u00a0\u00bb4.27.0&Prime; _module_preset=\u00a0\u00bbdefault\u00a0\u00bb global_colors_info=\u00a0\u00bb{}\u00a0\u00bb theme_builder_area=\u00a0\u00bbpost_content\u00a0\u00bb][et_pb_heading title=\u00a0\u00bbFonds d&rsquo;innovation de le FCI\u00a0\u00bb _builder_version=\u00a0\u00bb4.27.0&Prime; _module_preset=\u00a0\u00bbdefault\u00a0\u00bb title_level=\u00a0\u00bbh3&Prime; title_font=\u00a0\u00bb|700|||||||\u00a0\u00bb title_font_size=\u00a0\u00bb22px\u00a0\u00bb hover_enabled=\u00a0\u00bb0&Prime; global_colors_info=\u00a0\u00bb{}\u00a0\u00bb theme_builder_area=\u00a0\u00bbpost_content\u00a0\u00bb sticky_enabled=\u00a0\u00bb0&Prime;][\/et_pb_heading][et_pb_text _builder_version=\u00a0\u00bb4.27.0&Prime; _module_preset=\u00a0\u00bbdefault\u00a0\u00bb hover_enabled=\u00a0\u00bb0&Prime; global_colors_info=\u00a0\u00bb{}\u00a0\u00bb theme_builder_area=\u00a0\u00bbpost_content\u00a0\u00bb sticky_enabled=\u00a0\u00bb0&Prime;]\n<p>Apr\u00e8s avoir \u00e9tudi\u00e9 la demande de subvention au Fonds d\u2019innovation de la Fondation canadienne pour l\u2019innovation pour 2023, le Conseil d\u2019administration du RCDR a d\u00e9cid\u00e9 de reporter celle-ci \u00e0 2025. Nous avons r\u00e9dig\u00e9 un document pr\u00e9liminaire pour d\u00e9finir notre vision pour une infrastructure d\u2019acc\u00e8s et de pr\u00e9servation durable, robuste et interop\u00e9rable qui met \u00e0 profit les collections de Canadiana pour la recherche. Cette initiative concerne le contenu des membres et partenaires qu\u2019h\u00e9berge la plateforme de Canadiana, ainsi qu\u2019une s\u00e9rie d\u2019outils et de services de pointe pour les chercheurs.<\/p>\n<p>Au d\u00e9but de l\u2019ann\u00e9e 2022, le Conseil d\u2019administration a approuv\u00e9 le mandat du nouveau Conseil des chercheurs du RCDR, qui d\u00e9finira les questions et besoins de recherche pour le projet de la FCI. Nous avons par cons\u00e9quent lanc\u00e9 un appel aux candidatures au sein de la communaut\u00e9. Le Conseil des chercheurs est entr\u00e9 en fonction au mois d\u2019avril 2022.<\/p>\n[\/et_pb_text][\/et_pb_column][\/et_pb_row][\/et_pb_section][et_pb_section fb_built=\u00a0\u00bb1&Prime; module_id=\u00a0\u00bbrelations-gov-2022&Prime; _builder_version=\u00a0\u00bb4.27.0&Prime; _module_preset=\u00a0\u00bbdefault\u00a0\u00bb custom_padding=\u00a0\u00bb40px||40px||true|false\u00a0\u00bb global_colors_info=\u00a0\u00bb{}\u00a0\u00bb theme_builder_area=\u00a0\u00bbpost_content\u00a0\u00bb][et_pb_row _builder_version=\u00a0\u00bb4.27.0&Prime; _module_preset=\u00a0\u00bbdefault\u00a0\u00bb global_colors_info=\u00a0\u00bb{}\u00a0\u00bb theme_builder_area=\u00a0\u00bbpost_content\u00a0\u00bb][et_pb_column type=\u00a0\u00bb4_4&Prime; _builder_version=\u00a0\u00bb4.27.0&Prime; _module_preset=\u00a0\u00bbdefault\u00a0\u00bb global_colors_info=\u00a0\u00bb{}\u00a0\u00bb theme_builder_area=\u00a0\u00bbpost_content\u00a0\u00bb][et_pb_heading title=\u00a0\u00bbRelations gouvernementales et mobilisation\u00a0\u00bb _builder_version=\u00a0\u00bb4.27.0&Prime; _module_preset=\u00a0\u00bbdefault\u00a0\u00bb title_level=\u00a0\u00bbh3&Prime; title_font=\u00a0\u00bb|700|||||||\u00a0\u00bb title_font_size=\u00a0\u00bb22px\u00a0\u00bb hover_enabled=\u00a0\u00bb0&Prime; global_colors_info=\u00a0\u00bb{}\u00a0\u00bb theme_builder_area=\u00a0\u00bbpost_content\u00a0\u00bb sticky_enabled=\u00a0\u00bb0&Prime;][\/et_pb_heading][et_pb_text _builder_version=\u00a0\u00bb4.27.0&Prime; _module_preset=\u00a0\u00bbdefault\u00a0\u00bb hover_enabled=\u00a0\u00bb0&Prime; global_colors_info=\u00a0\u00bb{}\u00a0\u00bb theme_builder_area=\u00a0\u00bbpost_content\u00a0\u00bb sticky_enabled=\u00a0\u00bb0&Prime;]\n<p>En novembre 2021, le RCDR a lanc\u00e9 un appel aux propositions pour trouver un cabinet de relations gouvernementales. Comme l\u2019organisation doit accro\u00eetre le financement externe de son programme patrimonial, le RCDR a \u00e9labor\u00e9 un programme de mobilisation ax\u00e9 sur deux priorit\u00e9s : financement accru de la pr\u00e9servation et de l\u2019acc\u00e8s au patrimoine documentaire des collections de Canadiana et soutien politique accru pour la science et le savoir ouvert. Le Conseil d\u2019administration du RCDR a annonc\u00e9 qu\u2019il avait retenu Cumberland Strategies pour ce projet en f\u00e9vrier 2022, qui a organis\u00e9 une pr\u00e9sentation pour le personnel et les administrateurs de l\u2019organisation sur les rudiments des relations gouvernementales. Cumberland Strategies \u00e9laborera un plan de travail pour le RCDR concernant les efforts de mobilisation en 2022-2023.<\/p>\n[\/et_pb_text][\/et_pb_column][\/et_pb_row][\/et_pb_section][et_pb_section fb_built=\u00a0\u00bb1&Prime; module_id=\u00a0\u00bbconference-2022-fr\u00a0\u00bb _builder_version=\u00a0\u00bb4.27.0&Prime; _module_preset=\u00a0\u00bbdefault\u00a0\u00bb custom_padding=\u00a0\u00bb40px||40px||true|false\u00a0\u00bb hover_enabled=\u00a0\u00bb0&Prime; global_colors_info=\u00a0\u00bb{}\u00a0\u00bb theme_builder_area=\u00a0\u00bbpost_content\u00a0\u00bb sticky_enabled=\u00a0\u00bb0&Prime;][et_pb_row _builder_version=\u00a0\u00bb4.27.0&Prime; _module_preset=\u00a0\u00bbdefault\u00a0\u00bb global_colors_info=\u00a0\u00bb{}\u00a0\u00bb theme_builder_area=\u00a0\u00bbpost_content\u00a0\u00bb][et_pb_column type=\u00a0\u00bb4_4&Prime; _builder_version=\u00a0\u00bb4.27.0&Prime; _module_preset=\u00a0\u00bbdefault\u00a0\u00bb global_colors_info=\u00a0\u00bb{}\u00a0\u00bb theme_builder_area=\u00a0\u00bbpost_content\u00a0\u00bb][et_pb_heading title=\u00a0\u00bbConf\u00e9rence du RCDR\u00a0\u00bb _builder_version=\u00a0\u00bb4.27.0&Prime; _module_preset=\u00a0\u00bbdefault\u00a0\u00bb title_level=\u00a0\u00bbh3&Prime; title_font=\u00a0\u00bb|700|||||||\u00a0\u00bb title_font_size=\u00a0\u00bb22px\u00a0\u00bb hover_enabled=\u00a0\u00bb0&Prime; global_colors_info=\u00a0\u00bb{}\u00a0\u00bb theme_builder_area=\u00a0\u00bbpost_content\u00a0\u00bb sticky_enabled=\u00a0\u00bb0&Prime;][\/et_pb_heading][et_pb_text _builder_version=\u00a0\u00bb4.27.0&Prime; _module_preset=\u00a0\u00bbdefault\u00a0\u00bb hover_enabled=\u00a0\u00bb0&Prime; global_colors_info=\u00a0\u00bb{}\u00a0\u00bb theme_builder_area=\u00a0\u00bbpost_content\u00a0\u00bb sticky_enabled=\u00a0\u00bb0&Prime;]\n<p>Pour une deuxi\u00e8me ann\u00e9e, la <a href=\"https:\/\/www.crkn-rcdr.ca\/fr\/bilan-de-la-conference-virtuelle-2021-du-rcdr\">conf\u00e9rence\u00a02021 du RCDR<\/a> \u00e9tait en format virtuel et condens\u00e9 pour maximiser sa port\u00e9e. Au total, il y avait 498\u00a0participants, 37\u00a0conf\u00e9renciers et 18\u00a0s\u00e9ances. Manitok Thompson, directrice g\u00e9n\u00e9rale d\u2019Inuit Broadcasting Corporation, a prononc\u00e9 un <a href=\"https:\/\/vimeo.com\/647481632\">discours<\/a> liminaire marquant pour inaugurer la conf\u00e9rence, qui s\u2019est termin\u00e9e par l\u2019assembl\u00e9e g\u00e9n\u00e9rale annuelle. Apr\u00e8s deux ans de conf\u00e9rences virtuelles, le RCDR reconna\u00eet que ces \u00e9v\u00e9nements ont beaucoup d\u2019impact. M\u00eame si nous attendons avec impatience les prochaines conf\u00e9rences en personne, nous continuerons d\u2019organiser des activit\u00e9s hybrides.<\/p>\n[\/et_pb_text][\/et_pb_column][\/et_pb_row][\/et_pb_section][et_pb_section fb_built=\u00a0\u00bb1&Prime; module_id=\u00a0\u00bbron-2022-fr\u00a0\u00bb _builder_version=\u00a0\u00bb4.27.0&Prime; _module_preset=\u00a0\u00bbdefault\u00a0\u00bb custom_padding=\u00a0\u00bb40px||40px||true|false\u00a0\u00bb hover_enabled=\u00a0\u00bb0&Prime; global_colors_info=\u00a0\u00bb{}\u00a0\u00bb theme_builder_area=\u00a0\u00bbpost_content\u00a0\u00bb sticky_enabled=\u00a0\u00bb0&Prime;][et_pb_row _builder_version=\u00a0\u00bb4.27.0&Prime; _module_preset=\u00a0\u00bbdefault\u00a0\u00bb global_colors_info=\u00a0\u00bb{}\u00a0\u00bb theme_builder_area=\u00a0\u00bbpost_content\u00a0\u00bb][et_pb_column type=\u00a0\u00bb4_4&Prime; _builder_version=\u00a0\u00bb4.27.0&Prime; _module_preset=\u00a0\u00bbdefault\u00a0\u00bb global_colors_info=\u00a0\u00bb{}\u00a0\u00bb theme_builder_area=\u00a0\u00bbpost_content\u00a0\u00bb][et_pb_heading title=\u00a0\u00bbPrix de reconnaissance pour services exceptionnels Ron MacDonald\u00a0\u00bb _builder_version=\u00a0\u00bb4.27.0&Prime; _module_preset=\u00a0\u00bbdefault\u00a0\u00bb title_level=\u00a0\u00bbh3&Prime; title_font=\u00a0\u00bb|700|||||||\u00a0\u00bb title_font_size=\u00a0\u00bb22px\u00a0\u00bb hover_enabled=\u00a0\u00bb0&Prime; global_colors_info=\u00a0\u00bb{}\u00a0\u00bb theme_builder_area=\u00a0\u00bbpost_content\u00a0\u00bb sticky_enabled=\u00a0\u00bb0&Prime;][\/et_pb_heading][et_pb_text _builder_version=\u00a0\u00bb4.27.0&Prime; _module_preset=\u00a0\u00bbdefault\u00a0\u00bb hover_enabled=\u00a0\u00bb0&Prime; global_colors_info=\u00a0\u00bb{}\u00a0\u00bb theme_builder_area=\u00a0\u00bbpost_content\u00a0\u00bb sticky_enabled=\u00a0\u00bb0&Prime;]\n<p>En 2021, le Prix de reconnaissance pour services exceptionnels Ron MacDonald a \u00e9t\u00e9 remis <a href=\"https:\/\/www.crkn-rcdr.ca\/fr\/jonathan-bengtson-est-le-laureat-du-prix-de-reconnaissance-2021-pour-services-exceptionnels-ron\">\u00e0 Jonathan Bengtson<\/a>, directeur de biblioth\u00e8que \u00e0 University of Victoria. Le RCDR souligne ainsi sa brillante carri\u00e8re dans des biblioth\u00e8ques du Canada, des \u00c9tats-Unis et du Royaume-Uni, ainsi que son leadership lors d\u2019initiatives de num\u00e9risation, diffusion de la recherche et projets du RCDR. Nous le f\u00e9licitons pour ses nombreuses r\u00e9alisations et le remercions pour ses ann\u00e9es de service \u00e0 la communaut\u00e9 des biblioth\u00e8ques.<\/p>\n[\/et_pb_text][\/et_pb_column][\/et_pb_row][\/et_pb_section][et_pb_section fb_built=\u00a0\u00bb1&Prime; _builder_version=\u00a0\u00bb4.27.0&Prime; _module_preset=\u00a0\u00bbdefault\u00a0\u00bb custom_padding=\u00a0\u00bb20px||20px||true|false\u00a0\u00bb locked=\u00a0\u00bboff\u00a0\u00bb global_colors_info=\u00a0\u00bb{}\u00a0\u00bb theme_builder_area=\u00a0\u00bbpost_content\u00a0\u00bb][et_pb_row _builder_version=\u00a0\u00bb4.27.0&Prime; _module_preset=\u00a0\u00bbdefault\u00a0\u00bb global_colors_info=\u00a0\u00bb{}\u00a0\u00bb theme_builder_area=\u00a0\u00bbpost_content\u00a0\u00bb][et_pb_column type=\u00a0\u00bb4_4&Prime; _builder_version=\u00a0\u00bb4.27.0&Prime; _module_preset=\u00a0\u00bbdefault\u00a0\u00bb global_colors_info=\u00a0\u00bb{}\u00a0\u00bb theme_builder_area=\u00a0\u00bbpost_content\u00a0\u00bb][et_pb_button button_url=\u00a0\u00bb@ET-DC@eyJkeW5hbWljIjp0cnVlLCJjb250ZW50IjoicG9zdF9saW5rX3VybF9wYWdlIiwic2V0dGluZ3MiOnsicG9zdF9pZCI6IjEyNjUifX0=@\u00a0\u00bb button_text=\u00a0\u00bbAux initiatives strat\u00e9giques\u00a0\u00bb button_alignment=\u00a0\u00bbcenter\u00a0\u00bb _builder_version=\u00a0\u00bb4.27.0&Prime; _dynamic_attributes=\u00a0\u00bbbutton_url\u00a0\u00bb _module_preset=\u00a0\u00bbdefault\u00a0\u00bb custom_button=\u00a0\u00bbon\u00a0\u00bb button_text_color=\u00a0\u00bbgcid-43c94af5-bdb3-4586-9f21-49ab064b82f3&Prime; button_border_width=\u00a0\u00bb0px\u00a0\u00bb button_icon=\u00a0\u00bb&#x38;||divi||400&Prime; button_icon_placement=\u00a0\u00bbleft\u00a0\u00bb button_on_hover=\u00a0\u00bboff\u00a0\u00bb hover_enabled=\u00a0\u00bb0&Prime; global_colors_info=\u00a0\u00bb{%22gcid-43c94af5-bdb3-4586-9f21-49ab064b82f3%22:%91%22button_text_color%22%93}\u00a0\u00bb theme_builder_area=\u00a0\u00bbpost_content\u00a0\u00bb sticky_enabled=\u00a0\u00bb0&Prime;][\/et_pb_button][\/et_pb_column][\/et_pb_row][\/et_pb_section]\n","protected":false},"excerpt":{"rendered":"<p>En tant que porte-parole des biblioth\u00e8ques universitaires canadiennes, le RCDR s\u2019engage \u00e0 d\u00e9fendre les int\u00e9r\u00eats de notre communaut\u00e9. Au cours de la derni\u00e8re ann\u00e9e, nous avons mis en place des services, des \u00e9v\u00e8nements et des outils pour favoriser la croissance de nos membres et celle de notre organisation. Apr\u00e8s avoir \u00e9tudi\u00e9 la demande de subvention [&hellip;]<\/p>\n","protected":false},"author":107,"featured_media":0,"parent":1605,"menu_order":2,"comment_status":"closed","ping_status":"closed","template":"","meta":{"_et_pb_use_builder":"on","_et_pb_old_content":"[vc_row content_placement=\"middle\"][vc_column][vc_column_text]<img class=\"aligncenter wp-image-1445\" src=\"https:\/\/annualreport.crkn-rcdr.ca\/wp-content\/uploads\/2022\/09\/2022-Graphic-BL@2x-300x192.png\" alt=\"\" width=\"200\" height=\"128\" \/>[\/vc_column_text][vcex_heading source=\"post_title\" tag=\"h1\" text_align=\"center\" css=\".vc_custom_1633538904342{margin-bottom: 20px !important;}\"][vc_column_text]En tant que porte-parole des biblioth\u00e8ques universitaires canadiennes, le RCDR s\u2019engage \u00e0 d\u00e9fendre les int\u00e9r\u00eats de notre communaut\u00e9. Au cours de la derni\u00e8re ann\u00e9e, nous avons mis en place des services, des \u00e9v\u00e8nements et des outils pour favoriser la croissance de nos membres et celle de notre organisation.[\/vc_column_text][\/vc_column][\/vc_row][vc_row el_id=\"cfi-innovation\"][vc_column][vc_column_text]\r\n<h3><strong>FONDS D\u2019INNOVATION DE LA FCI<\/strong><\/h3>\r\nApr\u00e8s avoir \u00e9tudi\u00e9 la demande de subvention au Fonds d\u2019innovation de la Fondation canadienne pour l\u2019innovation pour 2023, le Conseil d\u2019administration du RCDR a d\u00e9cid\u00e9 de reporter celle-ci \u00e0 2025. Nous avons r\u00e9dig\u00e9 un document pr\u00e9liminaire pour d\u00e9finir notre vision pour une infrastructure d\u2019acc\u00e8s et de pr\u00e9servation durable, robuste et interop\u00e9rable qui met \u00e0 profit les collections de Canadiana pour la recherche. Cette initiative concerne le contenu des membres et partenaires qu\u2019h\u00e9berge la plateforme de Canadiana, ainsi qu\u2019une s\u00e9rie d\u2019outils et de services de pointe pour les chercheurs.\r\n\r\nAu d\u00e9but de l\u2019ann\u00e9e 2022, le Conseil d\u2019administration a approuv\u00e9 le mandat du nouveau Conseil des chercheurs du RCDR, qui d\u00e9finira les questions et besoins de recherche pour le projet de la FCI. Nous avons par cons\u00e9quent lanc\u00e9 un appel aux candidatures au sein de la communaut\u00e9. Le Conseil des chercheurs est entr\u00e9 en fonction au mois d\u2019avril 2022.[\/vc_column_text][\/vc_column][\/vc_row][vc_row el_id=\"government\"][vc_column][vc_column_text]\r\n<h3><strong>RELATIONS GOUVERNEMENTALES ET MOBILISATION<\/strong><\/h3>\r\nEn novembre 2021, le RCDR a lanc\u00e9 un appel aux propositions pour trouver un cabinet de relations gouvernementales. Comme l\u2019organisation doit accro\u00eetre le financement externe de son programme patrimonial, le RCDR a \u00e9labor\u00e9 un programme de mobilisation ax\u00e9 sur deux priorit\u00e9s : financement accru de la pr\u00e9servation et de l\u2019acc\u00e8s au patrimoine documentaire des collections de Canadiana et soutien politique accru pour la science et le savoir ouvert. Le Conseil d\u2019administration du RCDR a annonc\u00e9 qu\u2019il avait retenu Cumberland Strategies pour ce projet en f\u00e9vrier 2022, qui a organis\u00e9 une pr\u00e9sentation pour le personnel et les administrateurs de l\u2019organisation sur les rudiments des relations gouvernementales. Cumberland Strategies \u00e9laborera un plan de travail pour le RCDR concernant les efforts de mobilisation en 2022-2023.[\/vc_column_text][\/vc_column][\/vc_row][vc_row el_id=\"conference\"][vc_column][vc_column_text]\r\n<h3><strong>Conf\u00e9rence du RCDR<\/strong><\/h3>\r\nPour une deuxi\u00e8me ann\u00e9e, la <a href=\"https:\/\/www.crkn-rcdr.ca\/fr\/bilan-de-la-conference-virtuelle-2021-du-rcdr\">conf\u00e9rence\u00a02021 du RCDR<\/a> \u00e9tait en format virtuel et condens\u00e9 pour maximiser sa port\u00e9e. Au total, il y avait 498\u00a0participants, 37\u00a0conf\u00e9renciers et 18\u00a0s\u00e9ances. Manitok Thompson, directrice g\u00e9n\u00e9rale d\u2019Inuit Broadcasting Corporation, a prononc\u00e9 un <a href=\"https:\/\/vimeo.com\/647481632\">discours<\/a> liminaire marquant pour inaugurer la conf\u00e9rence, qui s\u2019est termin\u00e9e par l\u2019assembl\u00e9e g\u00e9n\u00e9rale annuelle. Apr\u00e8s deux ans de conf\u00e9rences virtuelles, le RCDR reconna\u00eet que ces \u00e9v\u00e9nements ont beaucoup d\u2019impact. M\u00eame si nous attendons avec impatience les prochaines conf\u00e9rences en personne, nous continuerons d\u2019organiser des activit\u00e9s hybrides.[\/vc_column_text][\/vc_column][\/vc_row][vc_row el_id=\"ron\"][vc_column][vc_column_text]\r\n<h3><strong>PRIX DE RECONNAISSANCE POUR SERVICES EXCEPTIONNELS RON MACDONALD<\/strong><\/h3>\r\nEn 2021, le Prix de reconnaissance pour services exceptionnels Ron MacDonald a \u00e9t\u00e9 remis <a href=\"https:\/\/www.crkn-rcdr.ca\/fr\/jonathan-bengtson-est-le-laureat-du-prix-de-reconnaissance-2021-pour-services-exceptionnels-ron\">\u00e0 Jonathan Bengtson<\/a>, directeur de biblioth\u00e8que \u00e0 University of Victoria. Le RCDR souligne ainsi sa brillante carri\u00e8re dans des biblioth\u00e8ques du Canada, des \u00c9tats-Unis et du Royaume-Uni, ainsi que son leadership lors d\u2019initiatives de num\u00e9risation, diffusion de la recherche et projets du RCDR. Nous le f\u00e9licitons pour ses nombreuses r\u00e9alisations et le remercions pour ses ann\u00e9es de service \u00e0 la communaut\u00e9 des biblioth\u00e8ques.[\/vc_column_text][\/vc_column][\/vc_row]","_et_gb_content_width":"","footnotes":""},"class_list":["post-1581","page","type-page","status-publish","hentry"],"_links":{"self":[{"href":"https:\/\/annualreport.crkn-rcdr.ca\/fr\/wp-json\/wp\/v2\/pages\/1581","targetHints":{"allow":["GET"]}}],"collection":[{"href":"https:\/\/annualreport.crkn-rcdr.ca\/fr\/wp-json\/wp\/v2\/pages"}],"about":[{"href":"https:\/\/annualreport.crkn-rcdr.ca\/fr\/wp-json\/wp\/v2\/types\/page"}],"author":[{"embeddable":true,"href":"https:\/\/annualreport.crkn-rcdr.ca\/fr\/wp-json\/wp\/v2\/users\/107"}],"replies":[{"embeddable":true,"href":"https:\/\/annualreport.crkn-rcdr.ca\/fr\/wp-json\/wp\/v2\/comments?post=1581"}],"version-history":[{"count":7,"href":"https:\/\/annualreport.crkn-rcdr.ca\/fr\/wp-json\/wp\/v2\/pages\/1581\/revisions"}],"predecessor-version":[{"id":25980741,"href":"https:\/\/annualreport.crkn-rcdr.ca\/fr\/wp-json\/wp\/v2\/pages\/1581\/revisions\/25980741"}],"up":[{"embeddable":true,"href":"https:\/\/annualreport.crkn-rcdr.ca\/fr\/wp-json\/wp\/v2\/pages\/1605"}],"wp:attachment":[{"href":"https:\/\/annualreport.crkn-rcdr.ca\/fr\/wp-json\/wp\/v2\/media?parent=1581"}],"curies":[{"name":"wp","href":"https:\/\/api.w.org\/{rel}","templated":true}]}}