{"id":1133,"date":"2021-10-06T16:02:20","date_gmt":"2021-10-06T20:02:20","guid":{"rendered":"https:\/\/annualreport.crkn-rcdr.ca\/bienvenue-2\/"},"modified":"2024-08-21T20:03:50","modified_gmt":"2024-08-22T00:03:50","slug":"bienvenue-2","status":"publish","type":"page","link":"https:\/\/annualreport.crkn-rcdr.ca\/fr\/accueil\/bienvenue-2\/","title":{"rendered":"Bienvenue"},"content":{"rendered":"[et_pb_section fb_built=\u00a0\u00bb1&Prime; _builder_version=\u00a0\u00bb4.27.0&Prime; _module_preset=\u00a0\u00bbdefault\u00a0\u00bb global_colors_info=\u00a0\u00bb{}\u00a0\u00bb][et_pb_row _builder_version=\u00a0\u00bb4.27.0&Prime; _module_preset=\u00a0\u00bbdefault\u00a0\u00bb global_colors_info=\u00a0\u00bb{}\u00a0\u00bb][et_pb_column type=\u00a0\u00bb4_4&Prime; _builder_version=\u00a0\u00bb4.27.0&Prime; _module_preset=\u00a0\u00bbdefault\u00a0\u00bb global_colors_info=\u00a0\u00bb{}\u00a0\u00bb][et_pb_heading title=\u00a0\u00bbMessage de\u00a0\u00bb _builder_version=\u00a0\u00bb4.27.0&Prime; _module_preset=\u00a0\u00bbdefault\u00a0\u00bb title_font=\u00a0\u00bb||||||||\u00a0\u00bb title_font_size=\u00a0\u00bb21px\u00a0\u00bb custom_margin=\u00a0\u00bb||0px||false|false\u00a0\u00bb custom_padding=\u00a0\u00bb||0px||false|false\u00a0\u00bb global_colors_info=\u00a0\u00bb{}\u00a0\u00bb][\/et_pb_heading][et_pb_heading title=\u00a0\u00bbla pr\u00e9sidence\u00a0\u00bb _builder_version=\u00a0\u00bb4.27.0&Prime; _module_preset=\u00a0\u00bbdefault\u00a0\u00bb title_font=\u00a0\u00bb|600|||||||\u00a0\u00bb global_colors_info=\u00a0\u00bb{}\u00a0\u00bb][\/et_pb_heading][\/et_pb_column][\/et_pb_row][et_pb_row column_structure=\u00a0\u00bb3_4,1_4&Prime; _builder_version=\u00a0\u00bb4.27.0&Prime; _module_preset=\u00a0\u00bbdefault\u00a0\u00bb global_colors_info=\u00a0\u00bb{}\u00a0\u00bb][et_pb_column type=\u00a0\u00bb3_4&Prime; _builder_version=\u00a0\u00bb4.27.0&Prime; _module_preset=\u00a0\u00bbdefault\u00a0\u00bb global_colors_info=\u00a0\u00bb{}\u00a0\u00bb][et_pb_text _builder_version=\u00a0\u00bb4.27.0&Prime; _module_preset=\u00a0\u00bbdefault\u00a0\u00bb global_colors_info=\u00a0\u00bb{}\u00a0\u00bb]\n<p>J\u2019ai eu le bonheur de r\u00e9fl\u00e9chir \u00e0 une autre ann\u00e9e extraordinaire o\u00f9 le R\u00e9seau canadien de documentation pour la recherche a favoris\u00e9 l\u2019acc\u00e8s au savoir pour les Canadiens et le monde entier. \u00c0 titre de pr\u00e9sidente du conseil d\u2019administration du RCDR, je suis tr\u00e8s impressionn\u00e9e par l\u2019engagement de l\u2019organisation pour transformer l\u2019\u00e9cosyst\u00e8me de recherche avec des projets innovateurs, des collaborations strat\u00e9giques et des efforts pour d\u00e9fendre les int\u00e9r\u00eats des membres et parties prenantes.<\/p>\n<p>Ce fut une ann\u00e9e marquante au niveau du progr\u00e8s des n\u00e9gociations de licence. Gr\u00e2ce au Groupe de soutien des parties prenantes et aux Principes de licence mis \u00e0 jour, le RCDR a atteint des objectifs ambitieux pour le renouv\u00e8lement de la licence Elsevier. L\u2019organisation a aussi annonc\u00e9 son premier accord transformatif pour le libre acc\u00e8s avec SAGE. Ces r\u00e9alisations montrent qu\u2019il est possible d\u2019atteindre des objectifs consid\u00e9rables et complexes avec de la pers\u00e9v\u00e9rance, un esprit de collaboration, ainsi qu\u2019une vision ax\u00e9e sur un \u00e9cosyst\u00e8me canadien de recherche \u00e9quitable et p\u00e9renne. J\u2019applaudis ces succ\u00e8s et je me r\u00e9jouis de faire avancer encore cette ann\u00e9e le programme de licence tr\u00e8s innovateur du RCDR.<\/p>\n<p>De plus, le RCDR a enrichi son programme du patrimoine avec le d\u00e9p\u00f4t du rapport final du Groupe de travail sur les priorit\u00e9s du contenu patrimonial (GTPCP). Il s\u2019agit d\u2019un important document pour \u00e9largir et enrichir les collections de Canadiana, en plus de promouvoir les services du patrimoine du RCDR. Je suis tr\u00e8s impressionn\u00e9e par l\u2019expertise et la vision dont fait preuve ce rapport. Soulignons \u00e9galement le transfert cette ann\u00e9e du secr\u00e9tariat de la Strat\u00e9gie nationale de num\u00e9risation du patrimoine documentaire (SNPD). Par le biais de cette collaboration, le RCDR et la SNPD \u00e9tabliront de solides fondements pour les projets nationaux de num\u00e9risation au Canada. Encore une fois, nous voyons qu\u2019il est possible de faire avancer des objectifs ambitieux gr\u00e2ce au partage du savoir collectif.<\/p>\n<p>Le conseil d\u2019administration, les comit\u00e9s et les groupes de travail du RCDR vont bien au-del\u00e0 des attentes en ce qui concerne leur expertise pour encadrer les activit\u00e9s du RCDR. J\u2019aimerais remercier tous mes coll\u00e8gues qui ont particip\u00e9 \u00e0 ces groupes pour leur engagement et enthousiasme, surtout pendant cette ann\u00e9e si difficile. Les contributions de ceux qui se portent volontaires pour aider \u00e0 la gouvernance du RCDR ne passent pas inaper\u00e7ues et sont inestimables pour le succ\u00e8s de l\u2019organisation. J\u2019aimerais aussi remercier les membres du personnel du RCDR qui ont exerc\u00e9 leurs fonctions sans rel\u00e2che au courant de l\u2019ann\u00e9e. Nous appr\u00e9cions beaucoup leur professionnalisme et leur soutien.<\/p>\n<p>Les Canadiens d\u00e9pendent plus que jamais de l\u2019acc\u00e8s num\u00e9rique au savoir, \u00e0 l\u2019\u00e9ducation et au partage des connaissances. Dans ce contexte, l\u2019importance du travail du RCDR est d\u2019autant plus \u00e9vident. J\u2019ai eu le plaisir d\u2019observer comment l\u2019organisation a anticip\u00e9 ces changements rapides, tout en tenant compte des besoins des membres et parties prenantes continuellement. Je suis ravie de travailler avec vous pour une nouvelle ann\u00e9e de r\u00e9alisations exceptionnelles.<\/p>\n[\/et_pb_text][et_pb_text _builder_version=\u00a0\u00bb4.27.0&Prime; _module_preset=\u00a0\u00bbdefault\u00a0\u00bb custom_margin=\u00a0\u00bb||0px||false|false\u00a0\u00bb custom_padding=\u00a0\u00bb||0px||false|false\u00a0\u00bb global_colors_info=\u00a0\u00bb{}\u00a0\u00bb]\n<p>Tr\u00e8s cordialement,<\/p>\n<p><span style=\"color: #43297c;\"><strong>Dr. Annette Trimbee<\/strong><\/span><\/p>\n[\/et_pb_text][et_pb_text _builder_version=\u00a0\u00bb4.27.0&Prime; _module_preset=\u00a0\u00bbdefault\u00a0\u00bb text_font=\u00a0\u00bb||||||||\u00a0\u00bb text_font_size=\u00a0\u00bb17px\u00a0\u00bb text_font_size_tablet=\u00a0\u00bb17px\u00a0\u00bb text_font_size_phone=\u00a0\u00bb17px\u00a0\u00bb text_font_size_last_edited=\u00a0\u00bbon|desktop\u00a0\u00bb global_colors_info=\u00a0\u00bb{}\u00a0\u00bb]\n<p>Pr\u00e9sidente, conseil d\u2019administration du RCDR<\/p>\n[\/et_pb_text][\/et_pb_column][et_pb_column type=\u00a0\u00bb1_4&Prime; _builder_version=\u00a0\u00bb4.27.0&Prime; _module_preset=\u00a0\u00bbdefault\u00a0\u00bb global_colors_info=\u00a0\u00bb{}\u00a0\u00bb][et_pb_image src=\u00a0\u00bbhttps:\/\/annualreport.crkn-rcdr.ca\/wp-content\/uploads\/2021\/09\/the-chair.png\u00a0\u00bb title_text=\u00a0\u00bbAnnette-Trimbee\u00a0\u00bb _builder_version=\u00a0\u00bb4.27.0&Prime; _module_preset=\u00a0\u00bbdefault\u00a0\u00bb global_colors_info=\u00a0\u00bb{}\u00a0\u00bb][\/et_pb_image][\/et_pb_column][\/et_pb_row][\/et_pb_section][et_pb_section fb_built=\u00a0\u00bb1&Prime; _builder_version=\u00a0\u00bb4.27.0&Prime; _module_preset=\u00a0\u00bbdefault\u00a0\u00bb global_colors_info=\u00a0\u00bb{}\u00a0\u00bb][et_pb_row _builder_version=\u00a0\u00bb4.27.0&Prime; _module_preset=\u00a0\u00bbdefault\u00a0\u00bb global_colors_info=\u00a0\u00bb{}\u00a0\u00bb][et_pb_column type=\u00a0\u00bb4_4&Prime; _builder_version=\u00a0\u00bb4.27.0&Prime; _module_preset=\u00a0\u00bbdefault\u00a0\u00bb global_colors_info=\u00a0\u00bb{}\u00a0\u00bb][et_pb_heading title=\u00a0\u00bbMessage de\u00a0\u00bb _builder_version=\u00a0\u00bb4.27.0&Prime; _module_preset=\u00a0\u00bbdefault\u00a0\u00bb title_font=\u00a0\u00bb||||||||\u00a0\u00bb title_font_size=\u00a0\u00bb21px\u00a0\u00bb custom_margin=\u00a0\u00bb||0px||false|false\u00a0\u00bb custom_padding=\u00a0\u00bb||0px||false|false\u00a0\u00bb global_colors_info=\u00a0\u00bb{}\u00a0\u00bb][\/et_pb_heading][et_pb_heading title=\u00a0\u00bbla directrice g\u00e9n\u00e9rale\u00a0\u00bb _builder_version=\u00a0\u00bb4.27.0&Prime; _module_preset=\u00a0\u00bbdefault\u00a0\u00bb title_font=\u00a0\u00bb|600|||||||\u00a0\u00bb global_colors_info=\u00a0\u00bb{}\u00a0\u00bb][\/et_pb_heading][\/et_pb_column][\/et_pb_row][et_pb_row column_structure=\u00a0\u00bb3_4,1_4&Prime; _builder_version=\u00a0\u00bb4.27.0&Prime; _module_preset=\u00a0\u00bbdefault\u00a0\u00bb global_colors_info=\u00a0\u00bb{}\u00a0\u00bb][et_pb_column type=\u00a0\u00bb3_4&Prime; _builder_version=\u00a0\u00bb4.27.0&Prime; _module_preset=\u00a0\u00bbdefault\u00a0\u00bb global_colors_info=\u00a0\u00bb{}\u00a0\u00bb][et_pb_text _builder_version=\u00a0\u00bb4.27.0&Prime; _module_preset=\u00a0\u00bbdefault\u00a0\u00bb global_colors_info=\u00a0\u00bb{}\u00a0\u00bb]\n<p>Dans le cadre du plan strat\u00e9gique\u00a02019-2024, nous avons mis \u00e0 jour la strat\u00e9gie du RCDR, tout en sachant qu\u2019il y faudrait changer notre fa\u00e7on d\u2019innover pour atteindre nos objectifs. En revanche, nous n\u2019aurions jamais pu pr\u00e9dire l\u2019arriv\u00e9e et les impacts de la pand\u00e9mie de COVID-19. Je suis tr\u00e8s impressionn\u00e9e et inspir\u00e9e par la pers\u00e9v\u00e9rance du conseil d\u2019administration, des comit\u00e9s, des groupes de travail, du personnel et des membres du RCDR durant cette p\u00e9riode difficile. Malgr\u00e9 tout, nous avons obtenu d\u2019excellents r\u00e9sultats.<\/p>\n<p>Soulignons pour commencer les n\u00e9gociations avec Elsevier, o\u00f9 nous avons r\u00e9alis\u00e9 des \u00e9conomies de 17,4 M $ US sur trois ans pour les membres qui participent \u00e0 la licence Elsevier ScienceDirect. Le RCDR a \u00e9galement annonc\u00e9 son premier accord transformatif en mati\u00e8re de libre acc\u00e8s, que l\u2019organisation a conclu cette ann\u00e9e avec SAGE. Par cons\u00e9quent, les frais de traitement des articles (APC) seront r\u00e9duits ou annul\u00e9s pour les auteurs qui sont affili\u00e9s \u00e0 un \u00e9tablissement participant du RCDR. Notre communaut\u00e9 a accueilli ces r\u00e9alisations tr\u00e8s favorablement, donc j\u2019aimerais f\u00e9liciter le Comit\u00e9 strat\u00e9gique du contenu et l\u2019\u00e9quipe des licences pour tout leur travail. Je suis aussi tr\u00e8s reconnaissante envers le Groupe de soutien des parties prenantes et nos coll\u00e8gues internationaux pour leur appui et leur perspicacit\u00e9 dans ces n\u00e9gociations.<\/p>\n<p>Le programme patrimonial du RCDR a franchi une \u00e9tape importante avec la publication du rapport final du Groupe de travail sur les priorit\u00e9s du contenu patrimonial (GTPCP). La pr\u00e9paration du rapport s\u2019est \u00e9chelonn\u00e9e sur 18\u00a0mois et le GTPCP a fait un travail remarquable. Ce document est le fondement \u00e0 partir duquel nous pourrons augmenter et am\u00e9liorer les collections de Canadiana, ainsi que les services du patrimoine du RCDR. Pour mettre en \u0153uvre les recommandations du rapport, nous devrons faire des efforts consid\u00e9rables pour g\u00e9rer le contenu r\u00e9ducteur et parfois n\u00e9faste dans les collections qui d\u00e9coule de l\u2019histoire canadienne. En pr\u00e9servant des dossiers historiques qui incluent ces perspectives et attitudes pr\u00e9judiciables, nous esp\u00e9rons conserver une trace de la v\u00e9rit\u00e9 pour avancer vers une r\u00e9elle r\u00e9conciliation. J\u2019aimerais remercier le GTPCP et le Comit\u00e9 de pr\u00e9servation et d\u2019acc\u00e8s (CPA) pour leur soutien durant de processus et me r\u00e9jouis de continuer ce travail ensemble.<\/p>\n<p>Nous avons \u00e9galement consolid\u00e9 certains partenariats, en plus d\u2019en conclure de nouveaux cette ann\u00e9e, notamment avec le transfert du secr\u00e9tariat de la Strat\u00e9gie nationale de num\u00e9risation du patrimoine documentaire (SNPD) au RCDR. Ces deux organisations ont ainsi l\u2019occasion de renforcer leurs efforts de num\u00e9risation et pr\u00e9servation au Canada. De plus, le RCDR s\u2019est investi davantage dans le travail sur les identifiants p\u00e9rennes (PID), en coordonnant six webinaires sur les PID avec l\u2019Association canadienne des biblioth\u00e8ques de recherche (ABRC), le R\u00e9seau portage et Donn\u00e9es de recherche Canada. Le RCDR y participait \u00e0 titre de gestionnaire du Consortium ORCID Canada et co-gestionnaire, avec l\u2019ABRC, du Consortium DataCite Canada.<\/p>\n<p>Pour conclure, le conseil d\u2019administration, les comit\u00e9s et les groupes de travail du RCDR ont fait preuve de leadership et de soutien exceptionnel envers l\u2019organisation cette ann\u00e9e. Je les remercie pour leur d\u00e9vouement dans l\u2019atteinte de nos objectifs communs, qui favorisent l\u2019acc\u00e8s au savoir de l\u2019humanit\u00e9. Comme toujours, je remercie l\u2019\u00e9quipe du RCDR pour ses efforts qui nous ont permis de r\u00e9aliser des initiatives et des projets tr\u00e8s ambitieux. Dans les circonstances que nous connaissons, chaque personne qui contribue \u00e0 notre organisation a connu des difficult\u00e9s et de l\u2019incertitude cette ann\u00e9e. N\u00e9anmoins, j\u2019estime que la r\u00e9silience de notre \u00e9quipe de gouvernance et de notre personnel est tr\u00e8s encourageante. Tous ces individus ont rempli leurs devoirs avec brio et enthousiasme et je me r\u00e9jouis comme eux d\u2019un avenir meilleur.<\/p>\n[\/et_pb_text][et_pb_text _builder_version=\u00a0\u00bb4.27.0&Prime; _module_preset=\u00a0\u00bbdefault\u00a0\u00bb custom_margin=\u00a0\u00bb||0px||false|false\u00a0\u00bb custom_padding=\u00a0\u00bb||0px||false|false\u00a0\u00bb global_colors_info=\u00a0\u00bb{}\u00a0\u00bb]\n<p>Tr\u00e8s cordialement,<\/p>\n<p><span style=\"color: #43297c;\"><strong>Clare Appavoo<\/strong><\/span><\/p>\n[\/et_pb_text][et_pb_text _builder_version=\u00a0\u00bb4.27.0&Prime; _module_preset=\u00a0\u00bbdefault\u00a0\u00bb text_font=\u00a0\u00bb||||||||\u00a0\u00bb text_font_size=\u00a0\u00bb17px\u00a0\u00bb text_font_size_tablet=\u00a0\u00bb17px\u00a0\u00bb text_font_size_phone=\u00a0\u00bb17px\u00a0\u00bb text_font_size_last_edited=\u00a0\u00bbon|desktop\u00a0\u00bb global_colors_info=\u00a0\u00bb{}\u00a0\u00bb]\n<p>Directrice g\u00e9n\u00e9rale<\/p>\n[\/et_pb_text][\/et_pb_column][et_pb_column type=\u00a0\u00bb1_4&Prime; _builder_version=\u00a0\u00bb4.27.0&Prime; _module_preset=\u00a0\u00bbdefault\u00a0\u00bb global_colors_info=\u00a0\u00bb{}\u00a0\u00bb][et_pb_image src=\u00a0\u00bbhttps:\/\/annualreport.crkn-rcdr.ca\/wp-content\/uploads\/2021\/09\/clare.png\u00a0\u00bb title_text=\u00a0\u00bbClare-Appavoo\u00a0\u00bb _builder_version=\u00a0\u00bb4.27.0&Prime; _module_preset=\u00a0\u00bbdefault\u00a0\u00bb global_colors_info=\u00a0\u00bb{}\u00a0\u00bb][\/et_pb_image][\/et_pb_column][\/et_pb_row][\/et_pb_section][et_pb_section fb_built=\u00a0\u00bb1&Prime; _builder_version=\u00a0\u00bb4.27.0&Prime; _module_preset=\u00a0\u00bbdefault\u00a0\u00bb custom_padding=\u00a0\u00bb20px||20px||true|false\u00a0\u00bb global_colors_info=\u00a0\u00bb{}\u00a0\u00bb][et_pb_row _builder_version=\u00a0\u00bb4.27.0&Prime; _module_preset=\u00a0\u00bbdefault\u00a0\u00bb global_colors_info=\u00a0\u00bb{}\u00a0\u00bb][et_pb_column type=\u00a0\u00bb4_4&Prime; _builder_version=\u00a0\u00bb4.27.0&Prime; _module_preset=\u00a0\u00bbdefault\u00a0\u00bb global_colors_info=\u00a0\u00bb{}\u00a0\u00bb][et_pb_button button_url=\u00a0\u00bb@ET-DC@eyJkeW5hbWljIjp0cnVlLCJjb250ZW50IjoicG9zdF9saW5rX3VybF9wYWdlIiwic2V0dGluZ3MiOnsicG9zdF9pZCI6Ijk5NiJ9fQ==@\u00a0\u00bb button_text=\u00a0\u00bbAper\u00e7u du RCDR\u00a0\u00bb button_alignment=\u00a0\u00bbcenter\u00a0\u00bb _builder_version=\u00a0\u00bb4.27.0&Prime; _dynamic_attributes=\u00a0\u00bbbutton_url\u00a0\u00bb _module_preset=\u00a0\u00bbdefault\u00a0\u00bb custom_button=\u00a0\u00bbon\u00a0\u00bb button_text_color=\u00a0\u00bbgcid-77d51749-625e-44a8-a18b-fe4f766b2b2b\u00a0\u00bb button_border_width=\u00a0\u00bb0px\u00a0\u00bb button_icon=\u00a0\u00bb&#x39;||divi||400&Prime; button_on_hover=\u00a0\u00bboff\u00a0\u00bb global_colors_info=\u00a0\u00bb{%22gcid-77d51749-625e-44a8-a18b-fe4f766b2b2b%22:%91%22button_text_color%22%93}\u00a0\u00bb][\/et_pb_button][\/et_pb_column][\/et_pb_row][\/et_pb_section]\n","protected":false},"excerpt":{"rendered":"<p>J\u2019ai eu le bonheur de r\u00e9fl\u00e9chir \u00e0 une autre ann\u00e9e extraordinaire o\u00f9 le R\u00e9seau canadien de documentation pour la recherche a favoris\u00e9 l\u2019acc\u00e8s au savoir pour les Canadiens et le monde entier. \u00c0 titre de pr\u00e9sidente du conseil d\u2019administration du RCDR, je suis tr\u00e8s impressionn\u00e9e par l\u2019engagement de l\u2019organisation pour transformer l\u2019\u00e9cosyst\u00e8me de recherche avec [&hellip;]<\/p>\n","protected":false},"author":107,"featured_media":0,"parent":266,"menu_order":1,"comment_status":"closed","ping_status":"closed","template":"","meta":{"_et_pb_use_builder":"on","_et_pb_old_content":"<p>[vc_row][vc_column width=\"3\/4\"][vc_column_text css=\".vc_custom_1633030682474{margin-bottom: 40px !important;}\"]<\/p>\r\n<h3>Message de<\/h3>\r\n<h2>la pr\u00e9sidence<\/h2>\r\n<p>[\/vc_column_text][vc_column_text]J\u2019ai eu le bonheur de r\u00e9fl\u00e9chir \u00e0 une autre ann\u00e9e extraordinaire o\u00f9 le R\u00e9seau canadien de documentation pour la recherche a favoris\u00e9 l\u2019acc\u00e8s au savoir pour les Canadiens et le monde entier. \u00c0 titre de pr\u00e9sidente du conseil d\u2019administration du RCDR, je suis tr\u00e8s impressionn\u00e9e par l\u2019engagement de l\u2019organisation pour transformer l\u2019\u00e9cosyst\u00e8me de recherche avec des projets innovateurs, des collaborations strat\u00e9giques et des efforts pour d\u00e9fendre les int\u00e9r\u00eats des membres et parties prenantes. <\/p>\r\n<p>Ce fut une ann\u00e9e marquante au niveau du progr\u00e8s des n\u00e9gociations de licence. Gr\u00e2ce au Groupe de soutien des parties prenantes et aux Principes de licence mis \u00e0 jour, le RCDR a atteint des objectifs ambitieux pour le renouv\u00e8lement de la licence Elsevier. L\u2019organisation a aussi annonc\u00e9 son premier accord transformatif pour le libre acc\u00e8s avec SAGE. Ces r\u00e9alisations montrent qu\u2019il est possible d\u2019atteindre des objectifs consid\u00e9rables et complexes avec de la pers\u00e9v\u00e9rance, un esprit de collaboration, ainsi qu\u2019une vision ax\u00e9e sur un \u00e9cosyst\u00e8me canadien de recherche \u00e9quitable et p\u00e9renne. J\u2019applaudis ces succ\u00e8s et je me r\u00e9jouis de faire avancer encore cette ann\u00e9e le programme de licence tr\u00e8s innovateur<br \/>\r\ndu RCDR.<\/p>\r\n<p>De plus, le RCDR a enrichi son programme du patrimoine avec le d\u00e9p\u00f4t du rapport final du Groupe de travail sur les priorit\u00e9s du contenu patrimonial (GTPCP). Il s\u2019agit d\u2019un important document pour \u00e9largir et enrichir les collections de Canadiana, en plus de promouvoir les services du patrimoine du RCDR. Je suis tr\u00e8s impressionn\u00e9e par l\u2019expertise et la vision dont fait preuve ce rapport. Soulignons \u00e9galement le transfert cette ann\u00e9e du secr\u00e9tariat de la Strat\u00e9gie nationale de num\u00e9risation du patrimoine documentaire (SNPD). Par le biais de cette collaboration, le RCDR et la SNPD \u00e9tabliront de solides fondements pour les projets nationaux de num\u00e9risation au Canada. Encore une fois, nous voyons qu\u2019il est possible de faire avancer des objectifs ambitieux gr\u00e2ce au partage du savoir collectif.<\/p>\r\n<p>Le conseil d\u2019administration, les comit\u00e9s et les groupes de travail du RCDR vont bien au-del\u00e0 des attentes en ce qui concerne leur expertise pour encadrer les activit\u00e9s du RCDR. J\u2019aimerais remercier tous mes coll\u00e8gues qui ont particip\u00e9 \u00e0 ces groupes pour leur engagement et enthousiasme, surtout pendant cette ann\u00e9e si difficile. Les contributions de ceux qui se portent volontaires pour aider \u00e0 la gouvernance du RCDR ne passent pas inaper\u00e7ues et sont inestimables pour le succ\u00e8s de l\u2019organisation. J\u2019aimerais aussi remercier les membres du personnel du RCDR qui ont exerc\u00e9 leurs fonctions sans rel\u00e2che au courant de l\u2019ann\u00e9e. Nous appr\u00e9cions beaucoup leur professionnalisme et leur soutien.<\/p>\r\n<p>Les Canadiens d\u00e9pendent plus que jamais de l\u2019acc\u00e8s num\u00e9rique au savoir, \u00e0 l\u2019\u00e9ducation et au partage des connaissances. Dans ce contexte, l\u2019importance du travail du RCDR est d\u2019autant plus \u00e9vident. J\u2019ai eu le plaisir d\u2019observer comment l\u2019organisation a anticip\u00e9 ces changements rapides, tout en tenant compte des besoins des membres et parties prenantes continuellement. Je suis ravie de travailler avec vous pour une nouvelle ann\u00e9e de r\u00e9alisations exceptionnelles.<\/p>\r\n<p>Tr\u00e8s cordialement,<\/p>\r\n<p><span style=\"color: #43297c;\"><strong>Dr. Annette Trimbee<\/strong><\/span><br \/>\r\nPr\u00e9sidente, conseil d\u2019administration du RCDR[\/vc_column_text][\/vc_column][vc_column width=\"1\/4\"][vc_single_image image=\"1034\"][\/vc_column][\/vc_row][vc_row][vc_column][vcex_divider color=\"#d6d4d4\" width=\"100%\" height=\"1px\" margin=\"top:25|bottom:25\"][\/vc_column][\/vc_row][vc_row][vc_column width=\"3\/4\"][vc_column_text css=\".vc_custom_1633030693162{margin-bottom: 40px !important;}\"]<\/p>\r\n<h3>Message de<\/h3>\r\n<h2>la directrice g\u00e9n\u00e9rale<\/h2>\r\n<p>[\/vc_column_text][vc_column_text]Dans le cadre du plan strat\u00e9gique\u00a02019-2024, nous avons mis \u00e0 jour la strat\u00e9gie du RCDR, tout en sachant qu\u2019il y faudrait changer notre fa\u00e7on d\u2019innover pour atteindre nos objectifs. En revanche, nous n\u2019aurions jamais pu pr\u00e9dire l\u2019arriv\u00e9e et les impacts de la pand\u00e9mie de COVID-19. Je suis tr\u00e8s impressionn\u00e9e et inspir\u00e9e par la pers\u00e9v\u00e9rance du conseil d\u2019administration, des comit\u00e9s, des groupes de travail, du personnel et des membres du RCDR durant cette p\u00e9riode difficile. Malgr\u00e9 tout, nous avons obtenu d\u2019excellents r\u00e9sultats.<\/p>\r\n<p>Soulignons pour commencer les n\u00e9gociations avec Elsevier, o\u00f9 nous avons r\u00e9alis\u00e9 des \u00e9conomies de 17,4 M $ US sur trois ans pour les membres qui participent \u00e0 la licence Elsevier ScienceDirect. Le RCDR a \u00e9galement annonc\u00e9 son premier accord transformatif en mati\u00e8re de libre acc\u00e8s, que l\u2019organisation a conclu cette ann\u00e9e avec SAGE. Par cons\u00e9quent, les frais de traitement des articles (APC) seront r\u00e9duits ou annul\u00e9s pour les auteurs qui sont affili\u00e9s \u00e0 un \u00e9tablissement participant du RCDR. Notre communaut\u00e9 a accueilli ces r\u00e9alisations tr\u00e8s favorablement, donc j\u2019aimerais f\u00e9liciter le Comit\u00e9 strat\u00e9gique du contenu et l\u2019\u00e9quipe des licences pour tout leur travail. Je suis aussi tr\u00e8s reconnaissante envers le Groupe de soutien des parties prenantes et nos coll\u00e8gues internationaux pour leur appui et leur perspicacit\u00e9 dans ces n\u00e9gociations.<\/p>\r\n<p>Le programme patrimonial du RCDR a franchi une \u00e9tape importante avec la publication du rapport final du Groupe de travail sur les priorit\u00e9s du contenu patrimonial (GTPCP). La pr\u00e9paration du rapport s\u2019est \u00e9chelonn\u00e9e sur 18\u00a0mois et le GTPCP a fait un travail remarquable. Ce document est le fondement \u00e0 partir duquel nous pourrons augmenter et am\u00e9liorer les collections de Canadiana, ainsi que les services du patrimoine du RCDR. Pour mettre en \u0153uvre les recommandations du rapport, nous devrons faire des efforts consid\u00e9rables pour g\u00e9rer le contenu r\u00e9ducteur et parfois n\u00e9faste dans les collections qui d\u00e9coule de l\u2019histoire canadienne. En pr\u00e9servant des dossiers historiques qui incluent ces perspectives et attitudes pr\u00e9judiciables, nous esp\u00e9rons conserver une trace de la v\u00e9rit\u00e9 pour avancer vers une r\u00e9elle r\u00e9conciliation. J\u2019aimerais remercier le GTPCP et le Comit\u00e9 de pr\u00e9servation et d\u2019acc\u00e8s (CPA) pour leur soutien durant de processus et me r\u00e9jouis de continuer ce travail ensemble.<\/p>\r\n<p>Nous avons \u00e9galement consolid\u00e9 certains partenariats, en plus d\u2019en conclure de nouveaux cette ann\u00e9e, notamment avec le transfert du secr\u00e9tariat de la Strat\u00e9gie nationale de num\u00e9risation du patrimoine documentaire (SNPD) au RCDR. Ces deux organisations ont ainsi l\u2019occasion de renforcer leurs efforts de num\u00e9risation et pr\u00e9servation au Canada. De plus, le RCDR s\u2019est investi davantage dans le travail sur les identifiants p\u00e9rennes (PID), en coordonnant six webinaires sur les PID avec l\u2019Association canadienne des biblioth\u00e8ques de recherche (ABRC), le R\u00e9seau portage et Donn\u00e9es de recherche Canada. Le RCDR y participait \u00e0 titre de gestionnaire du Consortium ORCID Canada et co-gestionnaire, avec l\u2019ABRC, du Consortium DataCite Canada.<\/p>\r\n<p>Pour conclure, le conseil d\u2019administration, les comit\u00e9s et les groupes de travail du RCDR ont fait preuve de leadership et de soutien exceptionnel envers l\u2019organisation cette ann\u00e9e. Je les remercie pour leur d\u00e9vouement dans l\u2019atteinte de nos objectifs communs, qui favorisent l\u2019acc\u00e8s au savoir de l\u2019humanit\u00e9. Comme toujours, je remercie l\u2019\u00e9quipe du RCDR pour ses efforts qui nous ont permis de r\u00e9aliser des initiatives et des projets tr\u00e8s ambitieux. Dans les circonstances que nous connaissons, chaque personne qui contribue \u00e0 notre organisation a connu des difficult\u00e9s et de l\u2019incertitude cette ann\u00e9e. N\u00e9anmoins, j\u2019estime que la r\u00e9silience de notre \u00e9quipe de gouvernance et de notre personnel est tr\u00e8s encourageante. Tous ces individus ont rempli leurs devoirs avec brio et enthousiasme et je me r\u00e9jouis comme eux d\u2019un avenir meilleur.<\/p>\r\n<p>Tr\u00e8s cordialement,<\/p>\r\n<p><span style=\"color: #43297c;\"><strong>Clare Appavoo<\/strong><\/span><br \/>\r\nDirectrice g\u00e9n\u00e9rale[\/vc_column_text][\/vc_column][vc_column width=\"1\/4\"][vc_single_image image=\"1036\"][\/vc_column][\/vc_row]<\/p>\r\n","_et_gb_content_width":"","footnotes":""},"class_list":["post-1133","page","type-page","status-publish","hentry"],"_links":{"self":[{"href":"https:\/\/annualreport.crkn-rcdr.ca\/fr\/wp-json\/wp\/v2\/pages\/1133","targetHints":{"allow":["GET"]}}],"collection":[{"href":"https:\/\/annualreport.crkn-rcdr.ca\/fr\/wp-json\/wp\/v2\/pages"}],"about":[{"href":"https:\/\/annualreport.crkn-rcdr.ca\/fr\/wp-json\/wp\/v2\/types\/page"}],"author":[{"embeddable":true,"href":"https:\/\/annualreport.crkn-rcdr.ca\/fr\/wp-json\/wp\/v2\/users\/107"}],"replies":[{"embeddable":true,"href":"https:\/\/annualreport.crkn-rcdr.ca\/fr\/wp-json\/wp\/v2\/comments?post=1133"}],"version-history":[{"count":7,"href":"https:\/\/annualreport.crkn-rcdr.ca\/fr\/wp-json\/wp\/v2\/pages\/1133\/revisions"}],"predecessor-version":[{"id":25980634,"href":"https:\/\/annualreport.crkn-rcdr.ca\/fr\/wp-json\/wp\/v2\/pages\/1133\/revisions\/25980634"}],"up":[{"embeddable":true,"href":"https:\/\/annualreport.crkn-rcdr.ca\/fr\/wp-json\/wp\/v2\/pages\/266"}],"wp:attachment":[{"href":"https:\/\/annualreport.crkn-rcdr.ca\/fr\/wp-json\/wp\/v2\/media?parent=1133"}],"curies":[{"name":"wp","href":"https:\/\/api.w.org\/{rel}","templated":true}]}}